{"id":6986,"date":"2021-07-20T16:34:17","date_gmt":"2021-07-20T14:34:17","guid":{"rendered":"http:\/\/reaseuro.nl\/video-pagina\/"},"modified":"2021-07-20T16:34:17","modified_gmt":"2021-07-20T14:34:17","slug":"video-pagina","status":"publish","type":"page","link":"https:\/\/reaseuro.nl\/de\/video-pagina\/","title":{"rendered":"Videopagina &#8211; Ontstekers en hun werking"},"content":{"rendered":"\n<p>Welkom op deze videopagina! Hier vind u een internationaal overzicht van ontstekers die door strijdende partijen in WOI gebruikt zijn, en hun werking. Deze educatieve filmpjes worden aangeboden door het REASeuro Competence Centre, in samenwerking met Wilfried de Ryck. Ze vervangen geenszins de opleidingen die aangeboden worden in het educatiecentrum, maar zijn enkel ter informatie. Met enige regelmaat zal dit overzicht aangevuld worden met nieuw materiaal.<\/p>\n\n\n\n<p>De tekeningen zijn schetsen gemaakt van bestaande documentatie en\/of uitsnijdingen ter beschikking in de opleiding. Ze mogen niet als technische documentatie of handleiding gebruikt worden bij het uiteennemen of controleren van een ontsteker.<\/p>\n\n\n\n<p>De foto\u2019s zijn voor het grootste deel genomen in;<\/p>\n\n\n\n<ul class=\"wp-block-list\"><li>de uitgebreide collectie ontstekers in het competentie centrum bij REASeuro<\/li><li>bij het \u201c Memorial museum Passendaele\u201d in Zonnebeke (Belgi\u00eb)<\/li><li>bij priv\u00e9 verzamelingen<\/li><li>tijdens EOD opdrachten in Vlaanderen<\/li><\/ul>\n\n\n\n<p>Er is telkens een tekst bestand bijgevoegd met de gesproken tekst, dit bestand kan gebruikt worden voor vertaling via google translate indien gewenst.<br>Il y a toujours un fichier texte avec le texte parl\u00e9, ce fichier peut \u00eatre utilis\u00e9 pour la traduction via google translate si vous le souhaitez.<br>Es gibt immer eine Textdatei mit dem gesprochenen Text, diese Datei kann auf Wunsch f\u00fcr die \u00dcbersetzung \u00fcber Google Translate verwendet werden.<\/p>\n\n\n\n<p><\/p>\n\n\n\n<div class=\"wp-block-genesis-blocks-gb-container alignfull gb-block-container\"><div class=\"gb-container-inside\"><div class=\"gb-container-content\">\n<h2 class=\"wp-block-heading\">Duitsland<\/h2>\n\n\n\n<div class=\"wp-block-columns is-layout-flex wp-container-core-columns-is-layout-9d6595d7 wp-block-columns-is-layout-flex\">\n<div class=\"wp-block-column is-layout-flow wp-block-column-is-layout-flow\">\n<figure class=\"wp-block-video\"><video height=\"720\" style=\"aspect-ratio: 1280 \/ 720;\" width=\"1280\" controls poster=\"http:\/\/REASeuro.nl\/wp-content\/uploads\/2021\/07\/vlcsnap-2021-07-21-13h56m49s864.png\" preload=\"none\" src=\"http:\/\/REASeuro.nl\/wp-content\/uploads\/2021\/07\/DEU-Dopp-Z.-15-volledig-_12-min_.mp4\" playsinline><\/video><figcaption><strong>Doppel Z\u00fcnder 1915<br><\/strong><br><a href=\"http:\/\/REASeuro.nl\/wp-content\/uploads\/2021\/07\/DEU-Dopp-Z.-15-1.doc\" class=\"ek-link\">Lees de gesproken tekst<\/a><\/figcaption><\/figure>\n\n\n\n<p><\/p>\n<\/div>\n\n\n\n<div class=\"wp-block-column is-layout-flow wp-block-column-is-layout-flow\">\n<figure class=\"wp-block-video\"><video height=\"720\" style=\"aspect-ratio: 1280 \/ 720;\" width=\"1280\" controls poster=\"http:\/\/REASeuro.nl\/wp-content\/uploads\/2021\/07\/vlcsnap-2021-07-21-13h57m00s509.png\" preload=\"none\" src=\"http:\/\/REASeuro.nl\/wp-content\/uploads\/2021\/07\/DEU-E.-K.-Z.-16-volledig-_8-min_.mp4\" playsinline><\/video><figcaption><strong>E. K. Z. 16<br><\/strong><br><a href=\"http:\/\/REASeuro.nl\/wp-content\/uploads\/2021\/07\/DEU-E.-K.-Z.-16-1.doc\" class=\"ek-link\">Lees de gesproken tekst <\/a><\/figcaption><\/figure>\n\n\n\n<p><\/p>\n<\/div>\n\n\n\n<div class=\"wp-block-column is-layout-flow wp-block-column-is-layout-flow\">\n<figure class=\"wp-block-video\"><video height=\"720\" style=\"aspect-ratio: 1280 \/ 720;\" width=\"1280\" controls poster=\"http:\/\/REASeuro.nl\/wp-content\/uploads\/2021\/07\/vlcsnap-2021-07-21-13h57m32s237.png\" preload=\"none\" src=\"http:\/\/REASeuro.nl\/wp-content\/uploads\/2021\/07\/DEU-Gr.-Z.-04-volledig-_4-min_.mp4\" playsinline><\/video><figcaption><strong>Gr. Z. 04<br><\/strong><br><a href=\"http:\/\/REASeuro.nl\/wp-content\/uploads\/2021\/07\/DEU-Gr.-Z.-04.doc\" class=\"ek-link\">Lees de gesproken tekst <\/a><\/figcaption><\/figure>\n\n\n\n<p><\/p>\n<\/div>\n<\/div>\n\n\n\n<div class=\"wp-block-columns is-layout-flex wp-container-core-columns-is-layout-9d6595d7 wp-block-columns-is-layout-flex\">\n<div class=\"wp-block-column is-layout-flow wp-block-column-is-layout-flow\">\n<figure class=\"wp-block-video\"><video height=\"720\" style=\"aspect-ratio: 1280 \/ 720;\" width=\"1280\" controls poster=\"http:\/\/REASeuro.nl\/wp-content\/uploads\/2021\/07\/vlcsnap-2021-07-21-13h57m46s817.png\" preload=\"none\" src=\"http:\/\/REASeuro.nl\/wp-content\/uploads\/2021\/07\/DEU-Gr.-Z.-92-volledig-_3-min_.mp4\" playsinline><\/video><figcaption><strong>Gr. Z. 92<br><\/strong><br><a href=\"http:\/\/REASeuro.nl\/wp-content\/uploads\/2021\/07\/DEU-Gr.-Z.-92.doc\" class=\"ek-link\">Lees de gesproken tekst <\/a><\/figcaption><\/figure>\n\n\n\n<figure class=\"wp-block-video\"><video height=\"1080\" style=\"aspect-ratio: 1920 \/ 1080;\" width=\"1920\" controls poster=\"http:\/\/REASeuro.nl\/wp-content\/uploads\/2021\/07\/vlcsnap-2021-07-21-13h58m10s563.png\" preload=\"none\" src=\"http:\/\/REASeuro.nl\/wp-content\/uploads\/2021\/11\/DEU-l.-W.-M-Zdr-6-min.mp4\" playsinline><\/video><figcaption><strong>I.W.M. Zdr.<br><\/strong><br><a href=\"http:\/\/REASeuro.nl\/wp-content\/uploads\/2021\/11\/DEU-l-W.-M.-Zdr.doc\" class=\"ek-link\">Lees de gesproken tekst<\/a><\/figcaption><\/figure>\n\n\n\n<p><\/p>\n<\/div>\n\n\n\n<div class=\"wp-block-column is-layout-flow wp-block-column-is-layout-flow\">\n<figure class=\"wp-block-video\"><video height=\"1080\" style=\"aspect-ratio: 1920 \/ 1080;\" width=\"1920\" controls poster=\"http:\/\/REASeuro.nl\/wp-content\/uploads\/2021\/07\/vlcsnap-2021-07-21-13h58m05s044.png\" preload=\"none\" src=\"http:\/\/REASeuro.nl\/wp-content\/uploads\/2021\/07\/DEU-H.-Z.-05-volledig-_12-min_.mp4\" playsinline><\/video><figcaption><strong>H. Z. 05<br><\/strong><br><a href=\"http:\/\/REASeuro.nl\/wp-content\/uploads\/2021\/07\/DEU-H.-Z.-05.doc\" class=\"ek-link\">Lees de gesproken tekst <\/a><\/figcaption><\/figure>\n\n\n\n<p><\/p>\n<\/div>\n\n\n\n<div class=\"wp-block-column is-layout-flow wp-block-column-is-layout-flow\">\n<figure class=\"wp-block-video\"><video height=\"1080\" style=\"aspect-ratio: 1920 \/ 1080;\" width=\"1920\" controls poster=\"http:\/\/REASeuro.nl\/wp-content\/uploads\/2021\/07\/vlcsnap-2021-07-21-13h58m10s563.png\" preload=\"none\" src=\"http:\/\/REASeuro.nl\/wp-content\/uploads\/2021\/07\/DEU-K.-Z.-14-volledig-_6-min-_.mp4\" playsinline><\/video><figcaption><strong>K. Z. 14<br><\/strong><br><a href=\"http:\/\/REASeuro.nl\/wp-content\/uploads\/2021\/07\/DEU-K.-Z.-14-1.doc\" class=\"ek-link\">Lees de gesproken tekst <\/a><\/figcaption><\/figure>\n\n\n\n<p><\/p>\n<\/div>\n<\/div>\n<\/div><\/div><\/div>\n\n\n\n<div class=\"wp-block-genesis-blocks-gb-container alignfull gb-block-container\"><div class=\"gb-container-inside\"><div class=\"gb-container-content\">\n<h2 class=\"wp-block-heading\">Frankrijk<\/h2>\n\n\n\n<div class=\"wp-block-columns is-layout-flex wp-container-core-columns-is-layout-9d6595d7 wp-block-columns-is-layout-flex\">\n<div class=\"wp-block-column is-layout-flow wp-block-column-is-layout-flow\">\n<figure class=\"wp-block-video\"><video height=\"720\" style=\"aspect-ratio: 1280 \/ 720;\" width=\"1280\" controls poster=\"http:\/\/REASeuro.nl\/wp-content\/uploads\/2021\/07\/vlcsnap-2021-07-28-11h22m17s482.png\" preload=\"none\" src=\"http:\/\/REASeuro.nl\/wp-content\/uploads\/2021\/07\/FRA-Fus-Det-Perc-24-34-Robin-Lejay-Mle-1899-08-_-volledig-_5-min_.mp4\" playsinline><\/video><figcaption><strong>Fus. Det. Perc. 24\/34 Robin Lejay Mle 1899<br><\/strong><br><a href=\"http:\/\/REASeuro.nl\/wp-content\/uploads\/2021\/07\/FRA-Fus-Det-Perc-24-34-Robin-Lejay-Mle-1899-08.doc\" class=\"ek-link\">Lees de gesproken tekst<\/a><\/figcaption><\/figure>\n\n\n\n<p><\/p>\n<\/div>\n\n\n\n<div class=\"wp-block-column is-layout-flow wp-block-column-is-layout-flow\">\n<figure class=\"wp-block-video\"><video height=\"1080\" style=\"aspect-ratio: 1920 \/ 1080;\" width=\"1920\" controls poster=\"http:\/\/REASeuro.nl\/wp-content\/uploads\/2021\/07\/vlcsnap-2021-07-28-11h23m28s166.png\" preload=\"none\" src=\"http:\/\/REASeuro.nl\/wp-content\/uploads\/2021\/07\/FRA-Fus-Det-Perc-de-24-34-mm-RY-Mle-_17-volledig-_6-min_.mp4\" playsinline><\/video><figcaption><strong>Fus. Det. Perc. 24\/31 mm RY Mle 17<br><\/strong><br><a href=\"http:\/\/REASeuro.nl\/wp-content\/uploads\/2021\/07\/FRA-Fus-Det-Perc-de-24-31-mm-RY-Mle17.doc\" class=\"ek-link\">Lees de gesproken tekst <\/a><\/figcaption><\/figure>\n\n\n\n<p><\/p>\n<\/div>\n<\/div>\n\n\n\n<div class=\"wp-block-columns is-layout-flex wp-container-core-columns-is-layout-9d6595d7 wp-block-columns-is-layout-flex\">\n<div class=\"wp-block-column is-layout-flow wp-block-column-is-layout-flow\">\n<figure class=\"wp-block-video\"><video height=\"720\" style=\"aspect-ratio: 1280 \/ 720;\" width=\"1280\" controls poster=\"http:\/\/REASeuro.nl\/wp-content\/uploads\/2021\/07\/vlcsnap-2021-07-28-11h24m42s993.png\" preload=\"none\" src=\"http:\/\/REASeuro.nl\/wp-content\/uploads\/2021\/07\/FRA-Fus-Non-Det-fusante-de-22-31mm-Mle-1897-volledig-_6-min_.mp4\" playsinline><\/video><figcaption><strong>Fus. Det. Perc. fusante de 22\/31mm Mle 1897<br><\/strong><br><a href=\"http:\/\/REASeuro.nl\/wp-content\/uploads\/2021\/07\/FRA-Fus-Non-Det-fusante-de-22-31mm-Mle-1897.doc\" class=\"ek-link\">Lees de gesproken tekst <\/a><\/figcaption><\/figure>\n\n\n\n<p><\/p>\n<\/div>\n\n\n\n<div class=\"wp-block-column is-layout-flow wp-block-column-is-layout-flow\">\n<figure class=\"wp-block-video\"><video height=\"720\" style=\"aspect-ratio: 1280 \/ 720;\" width=\"1280\" controls poster=\"http:\/\/REASeuro.nl\/wp-content\/uploads\/2021\/07\/vlcsnap-2021-07-28-11h25m21s747.png\" preload=\"none\" src=\"http:\/\/REASeuro.nl\/wp-content\/uploads\/2021\/07\/FRA-Fus-Det-Perc-24-34-Robin-Lej.mp4\" playsinline><\/video><figcaption><strong>Fus. Det. Perc. 24\/31mm Robin Lej<br><\/strong><br><a href=\"http:\/\/REASeuro.nl\/wp-content\/uploads\/2021\/07\/FRA-Fus-Det-Perc-24-34-Robin-Lejay-Mle-1899-08.doc\" class=\"ek-link\">Lees de gesproken tekst <\/a><\/figcaption><\/figure>\n\n\n\n<p><\/p>\n<\/div>\n<\/div>\n<\/div><\/div><\/div>\n\n\n\n<div class=\"wp-block-genesis-blocks-gb-container alignfull gb-block-container\"><div class=\"gb-container-inside\"><div class=\"gb-container-content\">\n<h2 class=\"wp-block-heading\">Groot-Brittanni\u00eb<\/h2>\n\n\n\n<div class=\"wp-block-columns is-layout-flex wp-container-core-columns-is-layout-9d6595d7 wp-block-columns-is-layout-flex\">\n<div class=\"wp-block-column is-layout-flow wp-block-column-is-layout-flow\">\n<figure class=\"wp-block-video\"><video height=\"720\" style=\"aspect-ratio: 1280 \/ 720;\" width=\"1280\" controls poster=\"http:\/\/REASeuro.nl\/wp-content\/uploads\/2021\/07\/vlcsnap-2021-07-28-11h31m22s909.png\" preload=\"none\" src=\"http:\/\/REASeuro.nl\/wp-content\/uploads\/2021\/07\/GBR-Nr-44-volledig-_7-min_.mp4\" playsinline><\/video><figcaption><strong>Nr 44 (series)<br><\/strong><br><a href=\"http:\/\/REASeuro.nl\/wp-content\/uploads\/2021\/07\/GBR-Nr-44.doc\" class=\"ek-link\">Lees de gesproken tekst<\/a><\/figcaption><\/figure>\n\n\n\n<div class=\"wp-block-group\"><div class=\"wp-block-group__inner-container is-layout-flow wp-block-group-is-layout-flow\">\n<figure class=\"wp-block-video\"><video height=\"1080\" style=\"aspect-ratio: 1920 \/ 1080;\" width=\"1920\" controls poster=\"http:\/\/REASeuro.nl\/wp-content\/uploads\/2021\/07\/vlcsnap-2021-07-28-11h31m44s343.png\" preload=\"none\" src=\"http:\/\/REASeuro.nl\/wp-content\/uploads\/2021\/11\/GBR-Nr-80-volledig-2-min-2.mp4\" playsinline><\/video><figcaption><strong>Nr 80 (series) <br><\/strong><br><a href=\"http:\/\/REASeuro.nl\/wp-content\/uploads\/2021\/11\/GBR-Nr-80.doc\" class=\"ek-link\">Lees de gesproken tekst <\/a><\/figcaption><\/figure>\n<\/div><\/div>\n<\/div>\n\n\n\n<div class=\"wp-block-column is-layout-flow wp-block-column-is-layout-flow\">\n<figure class=\"wp-block-video\"><video height=\"720\" style=\"aspect-ratio: 1280 \/ 720;\" width=\"1280\" controls poster=\"http:\/\/REASeuro.nl\/wp-content\/uploads\/2021\/07\/vlcsnap-2021-07-28-11h31m36s042.png\" preload=\"none\" src=\"http:\/\/REASeuro.nl\/wp-content\/uploads\/2021\/07\/GBR-Nr-100-volledig-_5-min_.mp4\" playsinline><\/video><figcaption><strong>Nr 100 (series) <br><\/strong> <br><a href=\"http:\/\/REASeuro.nl\/wp-content\/uploads\/2021\/07\/GBR-Nr-100.doc\" class=\"ek-link\">Lees de gesproken tekst <\/a><\/figcaption><\/figure>\n\n\n\n<p><\/p>\n<\/div>\n\n\n\n<div class=\"wp-block-column is-layout-flow wp-block-column-is-layout-flow\">\n<figure class=\"wp-block-video\"><video height=\"720\" style=\"aspect-ratio: 1280 \/ 720;\" width=\"1280\" controls poster=\"http:\/\/REASeuro.nl\/wp-content\/uploads\/2021\/07\/vlcsnap-2021-07-28-11h31m44s343.png\" preload=\"none\" src=\"http:\/\/REASeuro.nl\/wp-content\/uploads\/2021\/07\/GBR-Nr-106-_-Nr-106-E-volledig-_5-min_.mp4\" playsinline><\/video><figcaption><strong>Nr 106 (series) <br><\/strong><br><a href=\"http:\/\/REASeuro.nl\/wp-content\/uploads\/2021\/07\/GBR-Nr-106-Nr-106-E.doc\" class=\"ek-link\">Lees de gesproken tekst <\/a><\/figcaption><\/figure>\n\n\n\n<p><\/p>\n<\/div>\n<\/div>\n<\/div><\/div><\/div>\n\n\n\n<p><\/p>\n","protected":false},"excerpt":{"rendered":"<p>Welkom op deze videopagina! Hier vind u een internationaal overzicht van ontstekers die door strijdende partijen in WOI gebruikt zijn, [&hellip;]<\/p>\n","protected":false},"author":1,"featured_media":0,"parent":0,"menu_order":0,"comment_status":"closed","ping_status":"closed","template":"page_videos.php","meta":{"_acf_changed":false,"_exactmetrics_skip_tracking":false,"_exactmetrics_sitenote_active":false,"_exactmetrics_sitenote_note":"","_exactmetrics_sitenote_category":0,"_genesis_hide_title":false,"_genesis_hide_breadcrumbs":false,"_genesis_hide_singular_image":false,"_genesis_hide_footer_widgets":false,"_genesis_custom_body_class":"","_genesis_custom_post_class":"","_genesis_layout":"","footnotes":""},"class_list":{"0":"post-6986","1":"page","2":"type-page","3":"status-publish","5":"entry","6":"has-post-thumbnail"},"acf":[],"yoast_head":"<!-- This site is optimized with the Yoast SEO plugin v27.4 - https:\/\/yoast.com\/product\/yoast-seo-wordpress\/ -->\n<title>Videopagina - Ontstekers en hun werking - Explosieven Experts | REASeuro<\/title>\n<meta name=\"description\" content=\"Videopagina - Ontstekers en hun werking - REASeuro, jarenlange ervaring in offshore en onshore explosieven opsporing, CTER en educatie.\" \/>\n<meta name=\"robots\" content=\"index, follow, max-snippet:-1, max-image-preview:large, max-video-preview:-1\" \/>\n<link rel=\"canonical\" href=\"https:\/\/reaseuro.nl\/de\/video-pagina\/\" \/>\n<meta property=\"og:locale\" content=\"de_DE\" \/>\n<meta property=\"og:type\" content=\"article\" \/>\n<meta property=\"og:title\" content=\"Videopagina - Ontstekers en hun werking - Explosieven Experts | REASeuro\" \/>\n<meta property=\"og:description\" content=\"Videopagina - Ontstekers en hun werking - REASeuro, jarenlange ervaring in offshore en onshore explosieven opsporing, CTER en educatie.\" \/>\n<meta property=\"og:url\" content=\"https:\/\/reaseuro.nl\/de\/video-pagina\/\" \/>\n<meta property=\"og:site_name\" content=\"Explosieven Experts | REASeuro\" \/>\n<meta property=\"article:publisher\" content=\"https:\/\/www.facebook.com\/REASeuro-504782906705477\/\" \/>\n<meta property=\"og:image\" content=\"https:\/\/reaseuro.nl\/wp-content\/uploads\/2020\/04\/Logo-REASeuro.png\" \/>\n\t<meta property=\"og:image:width\" content=\"1243\" \/>\n\t<meta property=\"og:image:height\" content=\"370\" \/>\n\t<meta property=\"og:image:type\" content=\"image\/png\" \/>\n<meta name=\"twitter:card\" content=\"summary_large_image\" \/>\n<meta name=\"twitter:label1\" content=\"Gesch\u00e4tzte Lesezeit\" \/>\n\t<meta name=\"twitter:data1\" content=\"2\u00a0Minuten\" \/>\n<script type=\"application\/ld+json\" class=\"yoast-schema-graph\">{\"@context\":\"https:\\\/\\\/schema.org\",\"@graph\":[{\"@type\":\"WebPage\",\"@id\":\"https:\\\/\\\/reaseuro.nl\\\/de\\\/video-pagina\\\/\",\"url\":\"https:\\\/\\\/reaseuro.nl\\\/de\\\/video-pagina\\\/\",\"name\":\"Videopagina - Ontstekers en hun werking - Explosieven Experts | REASeuro\",\"isPartOf\":{\"@id\":\"https:\\\/\\\/reaseuro.nl\\\/#website\"},\"datePublished\":\"2021-07-20T14:34:17+00:00\",\"description\":\"Videopagina - Ontstekers en hun werking - REASeuro, jarenlange ervaring in offshore en onshore explosieven opsporing, CTER en educatie.\",\"breadcrumb\":{\"@id\":\"https:\\\/\\\/reaseuro.nl\\\/de\\\/video-pagina\\\/#breadcrumb\"},\"inLanguage\":\"de\",\"potentialAction\":[{\"@type\":\"ReadAction\",\"target\":[\"https:\\\/\\\/reaseuro.nl\\\/de\\\/video-pagina\\\/\"]}]},{\"@type\":\"BreadcrumbList\",\"@id\":\"https:\\\/\\\/reaseuro.nl\\\/de\\\/video-pagina\\\/#breadcrumb\",\"itemListElement\":[{\"@type\":\"ListItem\",\"position\":1,\"name\":\"Home\",\"item\":\"https:\\\/\\\/reaseuro.nl\\\/de\\\/\"},{\"@type\":\"ListItem\",\"position\":2,\"name\":\"Videopagina &#8211; Ontstekers en hun werking\"}]},{\"@type\":\"WebSite\",\"@id\":\"https:\\\/\\\/reaseuro.nl\\\/#website\",\"url\":\"https:\\\/\\\/reaseuro.nl\\\/\",\"name\":\"Explosieven Experts | REASeuro\",\"description\":\"REASeuro ondersteunt u al ruim 25 jaar bij alle mogelijke vraagstukken rondom explosieven\",\"publisher\":{\"@id\":\"https:\\\/\\\/reaseuro.nl\\\/#organization\"},\"potentialAction\":[{\"@type\":\"SearchAction\",\"target\":{\"@type\":\"EntryPoint\",\"urlTemplate\":\"https:\\\/\\\/reaseuro.nl\\\/?s={search_term_string}\"},\"query-input\":{\"@type\":\"PropertyValueSpecification\",\"valueRequired\":true,\"valueName\":\"search_term_string\"}}],\"inLanguage\":\"de\"},{\"@type\":\"Organization\",\"@id\":\"https:\\\/\\\/reaseuro.nl\\\/#organization\",\"name\":\"REASeuro\",\"url\":\"https:\\\/\\\/reaseuro.nl\\\/\",\"logo\":{\"@type\":\"ImageObject\",\"inLanguage\":\"de\",\"@id\":\"https:\\\/\\\/reaseuro.nl\\\/#\\\/schema\\\/logo\\\/image\\\/\",\"url\":\"http:\\\/\\\/reaseuro.nl\\\/wp-content\\\/uploads\\\/2020\\\/04\\\/Logo-REASeuro.png\",\"contentUrl\":\"http:\\\/\\\/reaseuro.nl\\\/wp-content\\\/uploads\\\/2020\\\/04\\\/Logo-REASeuro.png\",\"width\":1243,\"height\":370,\"caption\":\"REASeuro\"},\"image\":{\"@id\":\"https:\\\/\\\/reaseuro.nl\\\/#\\\/schema\\\/logo\\\/image\\\/\"},\"sameAs\":[\"https:\\\/\\\/www.facebook.com\\\/REASeuro-504782906705477\\\/\",\"https:\\\/\\\/www.linkedin.com\\\/company\\\/reaseuro\\\/\"]}]}<\/script>\n<!-- \/ Yoast SEO plugin. -->","yoast_head_json":{"title":"Videopagina - Ontstekers en hun werking - Explosieven Experts | REASeuro","description":"Videopagina - Ontstekers en hun werking - REASeuro, jarenlange ervaring in offshore en onshore explosieven opsporing, CTER en educatie.","robots":{"index":"index","follow":"follow","max-snippet":"max-snippet:-1","max-image-preview":"max-image-preview:large","max-video-preview":"max-video-preview:-1"},"canonical":"https:\/\/reaseuro.nl\/de\/video-pagina\/","og_locale":"de_DE","og_type":"article","og_title":"Videopagina - Ontstekers en hun werking - Explosieven Experts | REASeuro","og_description":"Videopagina - Ontstekers en hun werking - REASeuro, jarenlange ervaring in offshore en onshore explosieven opsporing, CTER en educatie.","og_url":"https:\/\/reaseuro.nl\/de\/video-pagina\/","og_site_name":"Explosieven Experts | REASeuro","article_publisher":"https:\/\/www.facebook.com\/REASeuro-504782906705477\/","og_image":[{"width":1243,"height":370,"url":"https:\/\/reaseuro.nl\/wp-content\/uploads\/2020\/04\/Logo-REASeuro.png","type":"image\/png"}],"twitter_card":"summary_large_image","twitter_misc":{"Gesch\u00e4tzte Lesezeit":"2\u00a0Minuten"},"schema":{"@context":"https:\/\/schema.org","@graph":[{"@type":"WebPage","@id":"https:\/\/reaseuro.nl\/de\/video-pagina\/","url":"https:\/\/reaseuro.nl\/de\/video-pagina\/","name":"Videopagina - Ontstekers en hun werking - Explosieven Experts | REASeuro","isPartOf":{"@id":"https:\/\/reaseuro.nl\/#website"},"datePublished":"2021-07-20T14:34:17+00:00","description":"Videopagina - Ontstekers en hun werking - REASeuro, jarenlange ervaring in offshore en onshore explosieven opsporing, CTER en educatie.","breadcrumb":{"@id":"https:\/\/reaseuro.nl\/de\/video-pagina\/#breadcrumb"},"inLanguage":"de","potentialAction":[{"@type":"ReadAction","target":["https:\/\/reaseuro.nl\/de\/video-pagina\/"]}]},{"@type":"BreadcrumbList","@id":"https:\/\/reaseuro.nl\/de\/video-pagina\/#breadcrumb","itemListElement":[{"@type":"ListItem","position":1,"name":"Home","item":"https:\/\/reaseuro.nl\/de\/"},{"@type":"ListItem","position":2,"name":"Videopagina &#8211; Ontstekers en hun werking"}]},{"@type":"WebSite","@id":"https:\/\/reaseuro.nl\/#website","url":"https:\/\/reaseuro.nl\/","name":"Explosieven Experts | REASeuro","description":"REASeuro ondersteunt u al ruim 25 jaar bij alle mogelijke vraagstukken rondom explosieven","publisher":{"@id":"https:\/\/reaseuro.nl\/#organization"},"potentialAction":[{"@type":"SearchAction","target":{"@type":"EntryPoint","urlTemplate":"https:\/\/reaseuro.nl\/?s={search_term_string}"},"query-input":{"@type":"PropertyValueSpecification","valueRequired":true,"valueName":"search_term_string"}}],"inLanguage":"de"},{"@type":"Organization","@id":"https:\/\/reaseuro.nl\/#organization","name":"REASeuro","url":"https:\/\/reaseuro.nl\/","logo":{"@type":"ImageObject","inLanguage":"de","@id":"https:\/\/reaseuro.nl\/#\/schema\/logo\/image\/","url":"http:\/\/reaseuro.nl\/wp-content\/uploads\/2020\/04\/Logo-REASeuro.png","contentUrl":"http:\/\/reaseuro.nl\/wp-content\/uploads\/2020\/04\/Logo-REASeuro.png","width":1243,"height":370,"caption":"REASeuro"},"image":{"@id":"https:\/\/reaseuro.nl\/#\/schema\/logo\/image\/"},"sameAs":["https:\/\/www.facebook.com\/REASeuro-504782906705477\/","https:\/\/www.linkedin.com\/company\/reaseuro\/"]}]}},"featured_image_src":null,"featured_image_src_square":null,"_links":{"self":[{"href":"https:\/\/reaseuro.nl\/de\/wp-json\/wp\/v2\/pages\/6986","targetHints":{"allow":["GET"]}}],"collection":[{"href":"https:\/\/reaseuro.nl\/de\/wp-json\/wp\/v2\/pages"}],"about":[{"href":"https:\/\/reaseuro.nl\/de\/wp-json\/wp\/v2\/types\/page"}],"author":[{"embeddable":true,"href":"https:\/\/reaseuro.nl\/de\/wp-json\/wp\/v2\/users\/1"}],"replies":[{"embeddable":true,"href":"https:\/\/reaseuro.nl\/de\/wp-json\/wp\/v2\/comments?post=6986"}],"version-history":[{"count":0,"href":"https:\/\/reaseuro.nl\/de\/wp-json\/wp\/v2\/pages\/6986\/revisions"}],"wp:attachment":[{"href":"https:\/\/reaseuro.nl\/de\/wp-json\/wp\/v2\/media?parent=6986"}],"curies":[{"name":"wp","href":"https:\/\/api.w.org\/{rel}","templated":true}]}}